{"id":25569,"date":"2019-02-16T17:42:03","date_gmt":"2019-02-16T16:42:03","guid":{"rendered":"http:\/\/www.hayariparis.com\/?page_id=25569"},"modified":"2024-12-19T16:13:06","modified_gmt":"2024-12-19T15:13:06","slug":"brands-history","status":"publish","type":"page","link":"https:\/\/www.hayariparis.com\/en\/designer\/brands-history\/","title":{"rendered":"Brand&#8217;s History"},"content":{"rendered":"<div class=\"wpb-content-wrapper\"><p>[vc_row][vc_column width=&#8221;1\/2&#8243;][vc_column_text css=&#8221;&#8221;]<\/p>\n<h1><strong>Hayari: the beginning<\/strong><\/h1>\n<h2>Where it all began<\/h2>\n<p>&nbsp;<\/p>\n<p>Since 2009, date of creation of Hayari Paris by the Designer Nabil Hayari and Business man Hugues Alard, the head office of Hayari Paris is in Golden Triangle Avenue Matignon as the parisian Atelier. a first showcase boutique was opened in 2014 in Saint-Germain-des-Pr\u00e9s. The boutique is dedicated to perfumes, jewelry, and fashion accessories from Hayari Paris.<\/p>\n<p><span lang=\"EN-US\">It is with passion that they will create this custom brand dedicated to women in all its splendor. One of the the most important aim is the to create and imagine, with style, unique and tailor-made dresses for brides and evenings.\u00a0<\/span><\/p>\n<p><span lang=\"EN-US\">Since the beginning, his first collections are presented at Fashion Week in Paris, New-York, Moscow, Los Angeles and Middle East. The first models are a hit, the stars are already rushing.<\/span><\/p>\n<p>Nabil Hayari currently shares his time between Paris and Los Angeles, where he provides personal advice stars or celebrities, such as Heidi Klum and Melanie Griffith among many others, on matters related to evening dresses or wedding dresses.<br \/>He draws inspiration from his travels and the various encounters that he makes, particularly those that have deeply marked him such as Charl\u00e8ne de Monaco, P\u00e9n\u00e9lope Cruz or Johnny Depp.<br \/>He can also be seen in some fashion channels as well as reality TV.<\/p>\n<p>Hayari Paris is deeply involved in numerous charities such Amber Lounge Monaco, and frequently participates in charity fundraising auctions for the American Heart Association and the Children\u2019s Hospital Los Angeles. Hayari Paris was also invited to the guest of honor for the Cairo charity fundraising show in 2016, where he presented some of his 2017 dress and jewelry collections.<\/p>\n<p>Hayari Paris is currently the official Maison de Couture for the Hollywood Beauty Awards with the legendary Bob Mackie, who is the designer (creator) of the iconic dresses worn by Marilyn Monroe and Cher.<\/p>\n<p>Each creation has its own universe. . .<br \/>Crystal beads, lace, chiffon drapes\u2026 All these materials come together and are brought to life thanks to the expertise of Nabil Hayari. These magical and elegant collections are the direct result of French savoir-faire, combining the precision of structured cuts with the elegance of traditional luxury.<\/p>\n<p><!-- \/wp:post-content --><!-- \/wp:paragraph --><!-- \/wp:paragraph --><span lang=\"EN-US\">Nabil Hayari and Hugues Alard develop the brand by multiplying points of sale, corners and their presence in department stores around the world with the arrival of accessories, perfumes and jewelery.<\/span><\/p>\n<p><span lang=\"EN-US\">In 2011, the house teamed up with Maison Robertet in Grasse to create the first perfume of the brand that quickly became a best seller &#8220;Only For Her&#8221;. Today, the house offers a range of more than 15 fragrances &amp; fragrances with natural notes of fragile flowers, precious woods, sweet and tart fruit, and candles. Hayari Paris is present today in more than 250 outlets in perfumes around the world and continues to grow.<\/span><\/p>\n<p><span lang=\"EN-US\">In 2015, Hayari Paris launches its first collection of handbags. A range of leather handbags reminiscent of the Parisian chic and chic universe of the Saint-Germain-des-Pr\u00e9s district.\u00a0<\/span><\/p>\n<p><span lang=\"EN-US\">In October 2018, opening of the shop along the Champs-Elys\u00e9es, in the 8th district of Paris rue de Marignan. Primarily intended to present the bespoke creations of the brand, this shop is also the position of the new atelier and space of creation.<\/span><\/p>\n<p><span lang=\"EN-US\">Since 2018, Hayari Paris is represented in exclusivity with a dedicaced collection at Bergdorf Goodman in the 5th Avenue in New York.\u00a0<\/span><\/p>\n<!-- \/wp:paragraph --><!-- \/wp:paragraph -->\n<p>&nbsp;<\/p>\n<p>[\/vc_column_text][\/vc_column][vc_column width=&#8221;1\/2&#8243;][vc_single_image image=&#8221;26936&#8243; img_size=&#8221;full&#8221; add_caption=&#8221;yes&#8221; alignment=&#8221;center&#8221;][vc_single_image image=&#8221;26938&#8243; img_size=&#8221;full&#8221; alignment=&#8221;center&#8221;][\/vc_column][\/vc_row]<\/p>\n<\/div>","protected":false},"excerpt":{"rendered":"<p>[vc_row][vc_column width=&#8221;1\/2&#8243;][vc_column_text css=&#8221;&#8221;] Hayari: the beginning Where it all began &nbsp; Since 2009, date of creation of Hayari Paris by the Designer Nabil Hayari and Business man Hugues Alard, the head office of Hayari Paris is in Golden Triangle Avenue Matignon as the parisian Atelier. a first showcase boutique was opened in 2014 in Saint-Germain-des-Pr\u00e9s. The boutique is dedicated to perfumes, jewelry, and fashion accessories from Hayari Paris. It is with passion that they will&hellip;<\/p>\n","protected":false},"author":5,"featured_media":0,"parent":13303,"menu_order":0,"comment_status":"closed","ping_status":"closed","template":"","meta":{"footnotes":""},"class_list":["post-25569","page","type-page","status-publish","hentry"],"_links":{"self":[{"href":"https:\/\/www.hayariparis.com\/en\/wp-json\/wp\/v2\/pages\/25569","targetHints":{"allow":["GET"]}}],"collection":[{"href":"https:\/\/www.hayariparis.com\/en\/wp-json\/wp\/v2\/pages"}],"about":[{"href":"https:\/\/www.hayariparis.com\/en\/wp-json\/wp\/v2\/types\/page"}],"author":[{"embeddable":true,"href":"https:\/\/www.hayariparis.com\/en\/wp-json\/wp\/v2\/users\/5"}],"replies":[{"embeddable":true,"href":"https:\/\/www.hayariparis.com\/en\/wp-json\/wp\/v2\/comments?post=25569"}],"version-history":[{"count":1,"href":"https:\/\/www.hayariparis.com\/en\/wp-json\/wp\/v2\/pages\/25569\/revisions"}],"predecessor-version":[{"id":157914,"href":"https:\/\/www.hayariparis.com\/en\/wp-json\/wp\/v2\/pages\/25569\/revisions\/157914"}],"up":[{"embeddable":true,"href":"https:\/\/www.hayariparis.com\/en\/wp-json\/wp\/v2\/pages\/13303"}],"wp:attachment":[{"href":"https:\/\/www.hayariparis.com\/en\/wp-json\/wp\/v2\/media?parent=25569"}],"curies":[{"name":"wp","href":"https:\/\/api.w.org\/{rel}","templated":true}]}}