{"id":25147,"date":"2018-11-28T16:41:21","date_gmt":"2018-11-28T15:41:21","guid":{"rendered":"https:\/\/www.hayariparis.com\/collection-this-is-andy\/"},"modified":"2021-06-24T14:23:23","modified_gmt":"2021-06-24T12:23:23","slug":"collection-this-is-andy","status":"publish","type":"page","link":"https:\/\/www.hayariparis.com\/en\/collection-this-is-andy\/","title":{"rendered":"COLLECTION THIS IS ANDY"},"content":{"rendered":"<h1><strong>COLLECTION THIS IS ANDY<\/strong><\/h1>\n<h3><a href=\"https:\/\/www.hayariparis.com\/wp-content\/uploads\/2018\/11\/Sans-titre.2png-1.png\"><strong>La collection \u00ab This is Andy \u00bb est une collaboration entre Karen Bystedt et Nabil Hayari. Leur rencontre s\u2019est faite lors d\u2019un gala de charit\u00e9 \u00e0 Monaco. Ils \u00e9taient assis \u00e0 la m\u00eame table, c\u2019est ici que commen\u00e7a leur amiti\u00e9.<\/strong><\/a><\/h3>\n<h3><a href=\"https:\/\/www.hayariparis.com\/wp-content\/uploads\/2018\/11\/Sans-titre.2png-1.png\"><img loading=\"lazy\" decoding=\"async\" class=\"wp-image-25169 size-medium alignright\" src=\"https:\/\/www.hayariparis.com\/wp-content\/uploads\/2018\/11\/Sans-titre.2png-1-300x183.png\" alt=\"\" width=\"300\" height=\"183\" srcset=\"https:\/\/www.hayariparis.com\/wp-content\/uploads\/2018\/11\/Sans-titre.2png-1-300x183.png 300w, https:\/\/www.hayariparis.com\/wp-content\/uploads\/2018\/11\/Sans-titre.2png-1-768x467.png 768w, https:\/\/www.hayariparis.com\/wp-content\/uploads\/2018\/11\/Sans-titre.2png-1-1024x623.png 1024w, https:\/\/www.hayariparis.com\/wp-content\/uploads\/2018\/11\/Sans-titre.2png-1.png 1910w\" sizes=\"auto, (max-width: 300px) 100vw, 300px\" \/><\/a><\/h3>\n<p style=\"text-align: justify; text-indent: 2em;\">Nabil Hayari pr\u00e9senta un d\u00e9fil\u00e9 ce soir-l\u00e0 afin de faire d\u00e9couvrir sa collection. Karen tomba tout de suite en amour pour les robes d\u2019Hayari Paris.<\/p>\n<p style=\"text-align: justify; text-indent: 2em;\">Karen a senti qu\u2019il fallait allier son art \u00e0 celui de la couture. Elle demanda \u00e0 Nabil Hayari de cr\u00e9er une premi\u00e8re robe en soie rose, port\u00e9e lors des plus grands \u00e9v\u00e8nements \u00e0 New York ou Los Angeles.<\/p>\n<p style=\"text-align: justify; text-indent: 2em;\">De cette amiti\u00e9 na\u00eet une collaboration plus \u00e9troite lorsque Nabil Hayari a propos\u00e9 de cr\u00e9er une robe Couture \u00e0 partir des \u0153uvres de Karen.<\/p>\n<p style=\"text-align: justify; text-indent: 2em;\">Ainsi est n\u00e9e la fameuse robe \u00ab\u00a0Andy Money\u00a0\u00bb qui a eu tout de suite un succ\u00e8s fou, \u00e0 l\u2019effigie de ses photographies d\u2019Andy Warhol. Karen a toujours la volont\u00e9 d\u2019allier l\u2019art et la mode.<\/p>\n<p><a href=\"https:\/\/www.hayariparis.com\/wp-content\/uploads\/2018\/11\/Sans-titre.png\"><img loading=\"lazy\" decoding=\"async\" class=\"alignright wp-image-25153 size-medium\" src=\"https:\/\/www.hayariparis.com\/wp-content\/uploads\/2018\/11\/Sans-titre-300x218.png\" alt=\"\" width=\"300\" height=\"218\" srcset=\"https:\/\/www.hayariparis.com\/wp-content\/uploads\/2018\/11\/Sans-titre-300x218.png 300w, https:\/\/www.hayariparis.com\/wp-content\/uploads\/2018\/11\/Sans-titre-768x559.png 768w, https:\/\/www.hayariparis.com\/wp-content\/uploads\/2018\/11\/Sans-titre.png 899w\" sizes=\"auto, (max-width: 300px) 100vw, 300px\" \/><\/a>La r\u00e9ussite vient de la conjugaison de l\u2019\u00e9l\u00e9gance d\u2019Hayari Paris et du clin d\u2019\u0153il rock apport\u00e9 par Karen.<\/p>\n<p style=\"text-align: justify; text-indent: 2em;\">La collection \u00ab\u00a0This is Andy\u00a0\u00bb est compos\u00e9e de trois sacs pour femme ou pour homme de tailles diff\u00e9rentes et pour th\u00e8me une variation artistique des visuels d\u2019Andy.<\/p>\n<p style=\"text-align: justify; text-indent: 2em;\">Il est possible de porter le sac \u00e0 la main ou au dos, avec un zip lat\u00e9ral pour pouvoir prendre plus facilement son ordinateur, moderne et pratique. Le sac dispose de poches int\u00e9rieures avec zip pour une meilleure s\u00e9curit\u00e9. Il est de 100% de cuir v\u00e9ritable et \u00e9pais pour une bonne tenue du sac.<\/p>\n<p style=\"text-align: justify; text-indent: 2em;\">La collaboration prend le visage de trois variations de maroquinerie, sous la forme de sacs unisexes, avec l\u2019id\u00e9e de Collection \u00ab\u00a0This is Andy\u00a0\u00bb.<\/p>\n<p style=\"text-align: justify; text-indent: 2em;\">Les dessins d\u2019arts originaux de ces sacs sont le fruit du travail d\u2019Hayari et de Karen Bystedt et Peter Tunney pour le sac noir \u00e0 la t\u00eate de mort.<\/p>\n<p style=\"text-align: justify; text-indent: 2em;\">Ce sont trois sacs de cuir tendances, r\u00e9alis\u00e9s par les plus grands artisans italiens avec trois visages compl\u00e9mentaires.<\/p>\n<p><a href=\"https:\/\/shophayariparis.com\/products\/this-is-andy-collection\">Vous les retrouvez ici en vente<\/a><\/p>\n<div><a href=\"https:\/\/www.hayariparis.com\/wp-content\/uploads\/2018\/11\/image.png\"><img loading=\"lazy\" decoding=\"async\" class=\"wp-image-25157 size-medium alignright\" src=\"https:\/\/www.hayariparis.com\/wp-content\/uploads\/2018\/11\/image-274x300.png\" alt=\"\" width=\"274\" height=\"300\" srcset=\"https:\/\/www.hayariparis.com\/wp-content\/uploads\/2018\/11\/image-274x300.png 274w, https:\/\/www.hayariparis.com\/wp-content\/uploads\/2018\/11\/image-768x841.png 768w, https:\/\/www.hayariparis.com\/wp-content\/uploads\/2018\/11\/image-935x1024.png 935w, https:\/\/www.hayariparis.com\/wp-content\/uploads\/2018\/11\/image.png 977w\" sizes=\"auto, (max-width: 274px) 100vw, 274px\" \/><\/a><\/div>\n","protected":false},"excerpt":{"rendered":"<p>COLLECTION THIS IS ANDY La collection \u00ab This is Andy \u00bb est une collaboration entre Karen Bystedt et Nabil Hayari. Leur rencontre s\u2019est faite lors d\u2019un gala de charit\u00e9 \u00e0 Monaco. Ils \u00e9taient assis \u00e0 la m\u00eame table, c\u2019est ici que commen\u00e7a leur amiti\u00e9. Nabil Hayari pr\u00e9senta un d\u00e9fil\u00e9 ce soir-l\u00e0 afin de faire d\u00e9couvrir sa collection. Karen tomba tout de suite en amour pour les robes d\u2019Hayari Paris. Karen a senti qu\u2019il fallait allier&hellip;<\/p>\n","protected":false},"author":5,"featured_media":0,"parent":0,"menu_order":1,"comment_status":"closed","ping_status":"closed","template":"","meta":{"footnotes":""},"class_list":["post-25147","page","type-page","status-publish","hentry"],"_links":{"self":[{"href":"https:\/\/www.hayariparis.com\/en\/wp-json\/wp\/v2\/pages\/25147","targetHints":{"allow":["GET"]}}],"collection":[{"href":"https:\/\/www.hayariparis.com\/en\/wp-json\/wp\/v2\/pages"}],"about":[{"href":"https:\/\/www.hayariparis.com\/en\/wp-json\/wp\/v2\/types\/page"}],"author":[{"embeddable":true,"href":"https:\/\/www.hayariparis.com\/en\/wp-json\/wp\/v2\/users\/5"}],"replies":[{"embeddable":true,"href":"https:\/\/www.hayariparis.com\/en\/wp-json\/wp\/v2\/comments?post=25147"}],"version-history":[{"count":0,"href":"https:\/\/www.hayariparis.com\/en\/wp-json\/wp\/v2\/pages\/25147\/revisions"}],"wp:attachment":[{"href":"https:\/\/www.hayariparis.com\/en\/wp-json\/wp\/v2\/media?parent=25147"}],"curies":[{"name":"wp","href":"https:\/\/api.w.org\/{rel}","templated":true}]}}