{"id":13540,"date":"2015-10-14T08:09:08","date_gmt":"2015-10-14T07:09:08","guid":{"rendered":"http:\/\/www.hayariparis.com\/ru\/?page_id=13540"},"modified":"2021-06-24T15:51:42","modified_gmt":"2021-06-24T13:51:42","slug":"jewellery","status":"publish","type":"page","link":"https:\/\/www.hayariparis.com\/en\/jewellery\/","title":{"rendered":"Jewellery"},"content":{"rendered":"\n<figure class=\"wp-block-table aligncenter\"><table class=\"table\"><tbody><tr><td>DOSSIER DE PRESSE<\/td><\/tr><tr><td>BIJOUX <\/td><\/tr><\/tbody><\/table><\/figure>\n\n\n\n<p><br><\/p>\n\n\n\n<p>LA MARQUE<\/p>\n\n\n\n<figure class=\"wp-block-image\"><img decoding=\"async\" src=\"blob:https:\/\/www.hayariparis.com\/295d4ab8-8fb7-4d96-b88b-e18309eeedd5\" alt=\"page3image29808112\"\/><\/figure>\n\n\n\n<p>NABIL HAYARI AMBASSADEUR DE L\u2019\u00c9L\u00c9GANCE PARISIENNE<\/p>\n\n\n\n<p>Nabil Hayari est un&nbsp;cr\u00e9ateur fran\u00e7ais et bas\u00e9 \u00e0 Paris, de robes de mari\u00e9e, robes de soir\u00e9e, bijoux et parfums.<br>Les robes de mari\u00e9es qu\u2019il confectionne, sont un savant m\u00e9lange de mode et d\u2019\u00e9l\u00e9gance classique permettant \u00e0&nbsp;chaque femme d\u2019expri- mer son identit\u00e9.<\/p>\n\n\n\n<p>Collections priv\u00e9es et enti\u00e8rement sur-mesure,<\/p>\n\n\n\n<p>les cr\u00e9ations d\u2019Hayari Couture Paris sont uneode \u00e0 la beaut\u00e9 f\u00e9minine.<br>Depuis son plus jeune \u00e2ge, Nabil Hayari n\u2019a d\u2019yeux que pour la mode. Tr\u00e8s vite, son par- cours l\u2019emm\u00e8nera dans la prestigieuse \u00e9cole Sup de Mode dans laquelle il finira majeur de sa promotion et o\u00f9 ses talents ne passeront pas inaper\u00e7us pour l\u2019\u00c9cole de la Chambre Syndicale de la Haute Couture Parisienne. Tr\u00e8s talentueux, Nabil devient rapidement&nbsp;directeur artistique d\u2019une maison de couture du Triangle d\u2019Or dans laquelle il restera 5 ans.<\/p>\n\n\n\n<p>Jeune et ambitieux, Nabil d\u00e9cide de&nbsp;cr\u00e9er sa propre marque en 2009&nbsp;dans le but de don- ner vie aux robes que les femmes ont toujours r\u00eav\u00e9es d\u2019avoir.<\/p>\n\n\n\n<p>La marque \u00e9ponyme&nbsp;Hayari Paris&nbsp;nait ainsi, t\u00e9moin du&nbsp;luxe parisien et du savoir-faire en couture, parfumerie et bijouterie fantaisie.<\/p>\n\n\n\n<p>Nabil Hayari se propose de guider et de conseiller les femmes qu\u2019il habille \u00e0 chaque \u00e9tape du processus de cr\u00e9ation, dans son showroom, 3 avenue Matignon \u00e0 Paris o\u00f9&nbsp;ses robes sont faites sur-mesure dans la plus pure tradition fran\u00e7aise.<\/p>\n\n\n\n<p>Il pr\u00e9sente ses premi\u00e8res collections \u00e0 la&nbsp;Fashion Week&nbsp;de Moscou la m\u00eame ann\u00e9e, puis \u00e0 Los Angeles, New York et au Moyen Orient.<\/p>\n\n\n\n<p>En plus de cela, Nabil Hayari cr\u00e9e des bijoux fantaisie, de la maroquinerie mais aussi des parfums pour femmes, hommes et mixtes aussivari\u00e9s, qu\u2019exquis. Ces parfums de niche, made in France sont con\u00e7us \u00e0&nbsp;Grasse&nbsp;pour garantir la plus grande qualit\u00e9.<\/p>\n\n\n\n<p>C\u2019est ainsi l\u2019univers de la femme ou de l\u2019homme qu\u2019il imagine et qui comble sa&nbsp;soif de d\u00e9cou- vertes et de nouvelles exp\u00e9riences.<\/p>\n\n\n\n<p>Apr\u00e8s s\u2019\u00eatre \u00e9tendu autour du monde, 2014 marque l\u2019ouverture d\u2019une premi\u00e8re bou- tique \u00e9crin \u00e0&nbsp;Saint-Germain-des-Pr\u00e9s, un environnement d\u00e9di\u00e9 aux parfums, bijoux et ac- cessoires de mode Hayari Paris.<\/p>\n\n\n\n<p>Il est impliqu\u00e9 dans beaucoup&nbsp;d\u2019oeuvres caritatives&nbsp;comme le Monaco Amber Lounge et participe fr\u00e9quemment aux ventes aux en- ch\u00e8res pour \u00abthe American Heart Association\u00bb et \u00abthe Children\u2019s Hospital\u00bb de Los Angeles.<\/p>\n\n\n\n<p>Depuis 2016, Nabil Hayari est le Designer officel de l\u2019\u00e9v\u00e9nement annuel \u00ab&nbsp;Hollywood Beauty Awards&nbsp;\u00bb \u00e0 Los Angeles, le projecteur sur les ar- chitectes du monde de la beaut\u00e9 : les coiffeurs, les maquilleurs, les stylistes de film, de t\u00e9l\u00e9vision et de musique, les photographes et ceux qui cr\u00e9ent le tapis rouge et les looks des stars.<\/p>\n\n\n\n<figure class=\"wp-block-image\"><img decoding=\"async\" src=\"blob:https:\/\/www.hayariparis.com\/d041ce8f-ec6a-43f0-9f08-c7a2b3ed0ec3\" alt=\"page4image29805616\"\/><\/figure>\n\n\n\n<p>A CHAQUE CR\u00c9ATION SON UNIVERS&#8230;<\/p>\n\n\n\n<p>Pour cr\u00e9er ses lignes de bijoux, Nabil Hayaris\u2019inspire des femmes, mais aussi de&nbsp;l\u2019histoire et de ses voyages.<\/p>\n\n\n\n<p>Ses bijoux sont souvent pens\u00e9s pour les d\u00e9fil\u00e9s ; c\u2019est pour cela qu\u2019il eut l\u2019envie de dessiner quatre th\u00e8mes de lignes bijoux plus&nbsp;accessibles et pour tous les jours.<\/p>\n\n\n\n<p>Fait-main, les cr\u00e9ations sont \u00e9labor\u00e9es dans latradition fran\u00e7aise, de&nbsp;mani\u00e8re artisanale, pour garantir la meilleure qualit\u00e9.<\/p>\n\n\n\n<p>Perles de Hong-Kong, zirconium et argent&#8230; Toutes ces mati\u00e8res s\u2019unissent&nbsp;sous le savoir faire de Nabil Hayari.<\/p>\n\n\n\n<figure class=\"wp-block-image\"><img decoding=\"async\" src=\"blob:https:\/\/www.hayariparis.com\/57c97fbc-433a-41c7-93d8-f57d98a73b86\" alt=\"page4image29796928\"\/><\/figure>\n\n\n\n<p><br><\/p>\n\n\n\n<figure class=\"wp-block-image\"><img decoding=\"async\" src=\"blob:https:\/\/www.hayariparis.com\/868bc5e7-1661-444f-b6b8-a031cc5fb8c9\" alt=\"page5image29798176\"\/><\/figure>\n\n\n\n<p><br><\/p>\n\n\n\n<figure class=\"wp-block-image\"><img decoding=\"async\" src=\"blob:https:\/\/www.hayariparis.com\/41980646-9b0b-4359-9f27-34164f79bd5b\" alt=\"page6image29798384\"\/><\/figure>\n\n\n\n<figure class=\"wp-block-image\"><img decoding=\"async\" src=\"blob:https:\/\/www.hayariparis.com\/7153fbb1-06f5-4ea0-895d-d88dfaf9b4d6\" alt=\"page7image29799424\"\/><\/figure>\n\n\n\n<p>LIGNE ALISA<\/p>\n\n\n\n<p>La ligne \u00ab Alisa \u00bb est cr\u00e9\u00e9 en hommage \u00e0 l\u2019\u00e9g\u00e9rie du cr\u00e9ateur Nabil HAYARI, Alisa Krylova. Inspir\u00e9e par Paris,&nbsp;capitale de la mode, c\u2019est la ligne parfaite pour \u00e9gayer et&nbsp;faire briller le quotidien&nbsp;des femmes.<\/p>\n\n\n\n<p>En argent et zirconium<\/p>\n\n\n\n<figure class=\"wp-block-image\"><img decoding=\"async\" src=\"blob:https:\/\/www.hayariparis.com\/2ec304ed-9ea8-49ea-b7bb-870e80d7f5da\" alt=\"page8image29810608\"\/><\/figure>\n\n\n\n<p>LIGNE CHARLENE<\/p>\n\n\n\n<p>Les bijoux \u00ab Charl\u00e8ne \u00bb, derni\u00e8re cr\u00e9ation de la maison HAYARI PARIS, est un hommage \u00e0 la prin- cesse&nbsp;Charl\u00e8ne de Monaco, rencontr\u00e9e lors du Amber Lounge Fashion Show \u00e0 Monaco en 2012.<\/p>\n\n\n\n<p>Tout comme Monaco, nid du Palais princier,&nbsp;ces pi\u00e8ces royales sont l\u2019incarnation du luxe.<\/p>\n\n\n\n<p>En argent, zirconium et perle de Hong Kong<\/p>\n\n\n\n<figure class=\"wp-block-image\"><img decoding=\"async\" src=\"blob:https:\/\/www.hayariparis.com\/f4f9efbc-679a-44e9-b0bb-7cd1559a3d68\" alt=\"page9image29801712\"\/><\/figure>\n\n\n\n<figure class=\"wp-block-image\"><img decoding=\"async\" src=\"blob:https:\/\/www.hayariparis.com\/550fb161-7203-4095-ab99-1b24f8182a24\" alt=\"page10image29811232\"\/><\/figure>\n\n\n\n<figure class=\"wp-block-image\"><img decoding=\"async\" src=\"blob:https:\/\/www.hayariparis.com\/5beba2ef-d40b-45df-b4d6-fff80d65605d\" alt=\"page11image29823872\"\/><\/figure>\n\n\n\n<p>LIGNE MILLE ET UNE NUIT<\/p>\n\n\n\n<p>HAYARI PARIS s\u2019est inspir\u00e9 de l\u2019incroyable Sh\u00e9h\u00e9razade, dont les contes des Mille et Une Nuits fascinaient le sultan toutes les nuits avant qu\u2019il sombre dans le sommeil. Ainsi, on imagine la reine, portant son exquise robe de soir\u00e9e avec ses magnifiques bijoux.<\/p>\n\n\n\n<p>En argent, zirconium et perle de Hong Kong<\/p>\n\n\n\n<figure class=\"wp-block-image\"><img decoding=\"async\" src=\"blob:https:\/\/www.hayariparis.com\/5fa7b554-216c-42ad-a749-4a8d5fba2e5d\" alt=\"page12image29825744\"\/><\/figure>\n\n\n\n<p>LIGNE P\u00c9N\u00c9LOPE<\/p>\n\n\n\n<p>La ligne de bijoux \u00ab P\u00e9n\u00e9lope \u00bb, baptis\u00e9e en hommage \u00e0 la rencontre \u00e0 Los Angeles de Na- bil Hayari avec l\u2019actrice P\u00e9n\u00e9lope Cruz, est l\u2019in- carnation de la beaut\u00e9.<\/p>\n\n\n\n<p>Colliers, bracelets, bagues et boucles d\u2019oreille, Hayari vous propose cette ligne de bijoux origi- naux et raffin\u00e9s, pour les occasions habill\u00e9es ou pour un style quotidien.<\/p>\n\n\n\n<p>En argent et zirconium<\/p>\n\n\n\n<figure class=\"wp-block-image\"><img decoding=\"async\" src=\"blob:https:\/\/www.hayariparis.com\/c18ab816-b53f-4343-83dc-1544afca7f70\" alt=\"page13image29811648\"\/><\/figure>\n\n\n\n<figure class=\"wp-block-image\"><img decoding=\"async\" src=\"blob:https:\/\/www.hayariparis.com\/5eea2e23-b929-4ebb-9e50-8c2754dd162e\" alt=\"page14image29812064\"\/><\/figure>\n\n\n\n<figure class=\"wp-block-image\"><img decoding=\"async\" src=\"blob:https:\/\/www.hayariparis.com\/45a42792-e7e7-4d25-9b7c-ef23c91d23f2\" alt=\"page15image29827824\"\/><\/figure>\n\n\n\n<p>UNE COLLECTION UNIQUE<\/p>\n\n\n\n<p>Pour sa collection 2017, Nabil Hayari a d\u00e9sir\u00e9 rendre hommage \u00e0 ses&nbsp;muses&nbsp;en cr\u00e9ant les lignes Charl\u00e8ne, Alisa et P\u00e9n\u00e9lope.<\/p>\n\n\n\n<p>Le couturier a aussi voulu faire un parall\u00e8le avec son dernier parfum NEW OUD avec la ligne Mille et Une Nuits : un m\u00e9lange de&nbsp;l\u2019occident et de l\u2019orient, tout en gardant l\u2019\u00e9l\u00e9gance parisienne.<\/p>\n\n\n\n<p>Embl\u00e8me de la marque, la collection est compl\u00e9t\u00e9 par le bracelet \u00abH\u00bb Hayari.<\/p>\n\n\n\n<p>Une collection id\u00e9ale pour sublimer les femmes au quotidien et qui s\u2019accordera parfaitement avec tous les styles, pour&nbsp;toutes les occasions.<\/p>\n\n\n\n<figure class=\"wp-block-image\"><img decoding=\"async\" src=\"blob:https:\/\/www.hayariparis.com\/8d41fdf9-48a6-4e82-9697-b7e1ae6f74f8\" alt=\"page15image29828240\"\/><\/figure>\n\n\n\n<figure class=\"wp-block-image\"><img decoding=\"async\" src=\"blob:https:\/\/www.hayariparis.com\/12460542-d575-479b-99bf-116a0be42054\" alt=\"page15image29828448\"\/><\/figure>\n\n\n\n<p>CELEBRITES<\/p>\n\n\n\n<figure class=\"wp-block-image\"><img decoding=\"async\" src=\"blob:https:\/\/www.hayariparis.com\/b6c0ed01-02a6-4079-a5eb-ce5e78c59dbc\" alt=\"page16image29826992\"\/><\/figure>\n\n\n\n<figure class=\"wp-block-image\"><img decoding=\"async\" src=\"blob:https:\/\/www.hayariparis.com\/6c7a8034-0a8a-4428-b81e-7a3e6aba1c77\" alt=\"page16image29830736\"\/><\/figure>\n\n\n\n<figure class=\"wp-block-image\"><img decoding=\"async\" src=\"blob:https:\/\/www.hayariparis.com\/fae2ba1c-bce0-46b6-b796-601a4c8aafeb\" alt=\"page17image29812272\"\/><\/figure>\n\n\n\n<figure class=\"wp-block-image\"><img decoding=\"async\" src=\"blob:https:\/\/www.hayariparis.com\/ea62ac6d-c713-4c5f-b991-b3ee02fd0b33\" alt=\"page17image29813936\"\/><\/figure>\n\n\n\n<figure class=\"wp-block-image\"><img decoding=\"async\" src=\"blob:https:\/\/www.hayariparis.com\/3678f2e8-830d-44e8-b3be-06ebc63731ca\" alt=\"page17image29813104\"\/><\/figure>\n\n\n\n<p><br><\/p>\n\n\n\n<figure class=\"wp-block-table\"><table class=\"table\"><tbody><tr><td>CONTACTEZ-NOUS<\/td><\/tr><tr><td>Hayari PARIS office : 34 avenue des Champs-\u00c9lys\u00e9es 75008 Pariswww.hayariparis.com contact@hayari-parfums.com +33 1 45 63 45 04f&nbsp;Nabil Hayari&nbsp;t&nbsp;HayariParisi&nbsp;HayariParis<\/td><\/tr><\/tbody><\/table><\/figure>\n","protected":false},"excerpt":{"rendered":"<p>DOSSIER DE PRESSE BIJOUX LA MARQUE NABIL HAYARI AMBASSADEUR DE L\u2019\u00c9L\u00c9GANCE PARISIENNE Nabil Hayari est un&nbsp;cr\u00e9ateur fran\u00e7ais et bas\u00e9 \u00e0 Paris, de robes de mari\u00e9e, robes de soir\u00e9e, bijoux et parfums.Les robes de mari\u00e9es qu\u2019il confectionne, sont un savant m\u00e9lange de mode et d\u2019\u00e9l\u00e9gance classique permettant \u00e0&nbsp;chaque femme d\u2019expri- mer son identit\u00e9. Collections priv\u00e9es et enti\u00e8rement sur-mesure, les cr\u00e9ations d\u2019Hayari Couture Paris sont uneode \u00e0 la beaut\u00e9 f\u00e9minine.Depuis son plus jeune \u00e2ge, Nabil Hayari n\u2019a&hellip;<\/p>\n","protected":false},"author":1,"featured_media":0,"parent":0,"menu_order":0,"comment_status":"closed","ping_status":"closed","template":"","meta":{"footnotes":""},"class_list":["post-13540","page","type-page","status-publish","hentry"],"_links":{"self":[{"href":"https:\/\/www.hayariparis.com\/en\/wp-json\/wp\/v2\/pages\/13540","targetHints":{"allow":["GET"]}}],"collection":[{"href":"https:\/\/www.hayariparis.com\/en\/wp-json\/wp\/v2\/pages"}],"about":[{"href":"https:\/\/www.hayariparis.com\/en\/wp-json\/wp\/v2\/types\/page"}],"author":[{"embeddable":true,"href":"https:\/\/www.hayariparis.com\/en\/wp-json\/wp\/v2\/users\/1"}],"replies":[{"embeddable":true,"href":"https:\/\/www.hayariparis.com\/en\/wp-json\/wp\/v2\/comments?post=13540"}],"version-history":[{"count":0,"href":"https:\/\/www.hayariparis.com\/en\/wp-json\/wp\/v2\/pages\/13540\/revisions"}],"wp:attachment":[{"href":"https:\/\/www.hayariparis.com\/en\/wp-json\/wp\/v2\/media?parent=13540"}],"curies":[{"name":"wp","href":"https:\/\/api.w.org\/{rel}","templated":true}]}}