{"id":118,"date":"2015-09-14T22:43:20","date_gmt":"2015-09-14T21:43:20","guid":{"rendered":"http:\/\/www.hayariparis.com\/en\/?page_id=118"},"modified":"2021-06-24T17:11:18","modified_gmt":"2021-06-24T15:11:18","slug":"hayari-paris-perfume-only-for-him","status":"publish","type":"page","link":"https:\/\/www.hayariparis.com\/en\/perfumes\/inspiration\/collection\/hayari-paris-perfume-only-for-him\/","title":{"rendered":"Only for him"},"content":{"rendered":"<div class=\"wpb-content-wrapper\"><p>[vc_row][vc_column][vc_column_text]<\/p>\n<h3 style=\"text-align: justify;\"><\/h3>\n<div class=\"column2 clearfix\" style=\"text-align: justify;\">\n<h3><em><img loading=\"lazy\" decoding=\"async\" class=\" wp-image-87 alignleft\" src=\"http:\/\/www.hayariparis.com\/wp-content\/uploads\/2015\/09\/only-for-him-perfume.jpg\" alt=\"only-for-him-perfume\" width=\"333\" height=\"350\" \/><\/em><strong>A Parisian &#8220;rendez-vous&#8221;<\/strong><\/h3>\n<p>&nbsp;<\/p>\n<p style=\"text-align: justify; text-indent: 2em;\">As an echo to the ever so glamorously Parisian ONLY FOR HER, HAYARI Paris\u2019 first fragrance for women, ONLY FOR HIM\u2019s woody and smoky exhalations embody the most elegant Parisian dandy and transport the senses into the luxuriously hushed universe of ga\u00efac wood.<\/p>\n<p style=\"text-align: justify; text-indent: 2em;\">Nabil Hayari collaborated with C\u00e9cile Zarokian to develop an original sensual fragrance combining the masculinity of ga\u00efac wood and benzoin with the warmth of black pepper and amber.<\/p>\n<p style=\"text-align: justify; text-indent: 2em;\">As a bouquet offered to the loved one, the sensuality and tenderness of the white flowers (lily of the valley and jasmine) inspires a chic and festive seductive dance.\u00a0Lucky charm, symbol of love and tradition, the lily of the valley responds to the bergamot to transport you to the Caf\u00e9 de Flore\u2019s terrace, in the legendary Saint-Germain des Pr\u00e8s Quarter of Paris, for a romantic cup of Earl Grey.<\/p>\n<p style=\"text-align: justify; text-indent: 2em;\">First men fragrance created by Nabil Hayari, ONLY FOR HIM evokes the ultimate Parisian romantic rendezvous. A glamorous love story in the world\u2019s most romantic city.<\/p>\n<p style=\"text-align: justify; text-indent: 2em;\">Eau de Parfum (15%)\u00a0 100 ml\/3.4oz<\/p>\n<\/div>\n<p>[\/vc_column_text][\/vc_column][\/vc_row][vc_row][vc_column][vc_btn title=&#8221;Buy Online&#8221; color=&#8221;violet&#8221; align=&#8221;center&#8221; i_align=&#8221;right&#8221; i_icon_fontawesome=&#8221;&#8221; add_icon=&#8221;true&#8221; link=&#8221;url:https%3A%2F%2Fshophayariparis.com%2Fproducts%2Fonly-for-him-eau-de-parfum|target:_blank&#8221;][\/vc_column][\/vc_row][vc_row][vc_column][vc_video link=&#8221;https:\/\/www.youtube.com\/watch?v=xyDidY_kVeE&#8221; title=&#8221;Perfume for Men VIdeo&#8221;][\/vc_column][\/vc_row]<\/p>\n<\/div>","protected":false},"excerpt":{"rendered":"<p>[vc_row][vc_column][vc_column_text] A Parisian &#8220;rendez-vous&#8221; &nbsp; As an echo to the ever so glamorously Parisian ONLY FOR HER, HAYARI Paris\u2019 first fragrance for women, ONLY FOR HIM\u2019s woody and smoky exhalations embody the most elegant Parisian dandy and transport the senses into the luxuriously hushed universe of ga\u00efac wood. Nabil Hayari collaborated with C\u00e9cile Zarokian to develop an original sensual fragrance combining the masculinity of ga\u00efac wood and benzoin with the warmth of black pepper and&hellip;<\/p>\n","protected":false},"author":1,"featured_media":0,"parent":79,"menu_order":0,"comment_status":"closed","ping_status":"closed","template":"","meta":{"footnotes":""},"class_list":["post-118","page","type-page","status-publish","hentry"],"_links":{"self":[{"href":"https:\/\/www.hayariparis.com\/en\/wp-json\/wp\/v2\/pages\/118","targetHints":{"allow":["GET"]}}],"collection":[{"href":"https:\/\/www.hayariparis.com\/en\/wp-json\/wp\/v2\/pages"}],"about":[{"href":"https:\/\/www.hayariparis.com\/en\/wp-json\/wp\/v2\/types\/page"}],"author":[{"embeddable":true,"href":"https:\/\/www.hayariparis.com\/en\/wp-json\/wp\/v2\/users\/1"}],"replies":[{"embeddable":true,"href":"https:\/\/www.hayariparis.com\/en\/wp-json\/wp\/v2\/comments?post=118"}],"version-history":[{"count":0,"href":"https:\/\/www.hayariparis.com\/en\/wp-json\/wp\/v2\/pages\/118\/revisions"}],"up":[{"embeddable":true,"href":"https:\/\/www.hayariparis.com\/en\/wp-json\/wp\/v2\/pages\/79"}],"wp:attachment":[{"href":"https:\/\/www.hayariparis.com\/en\/wp-json\/wp\/v2\/media?parent=118"}],"curies":[{"name":"wp","href":"https:\/\/api.w.org\/{rel}","templated":true}]}}